{"id":18,"date":"2025-10-04T21:02:26","date_gmt":"2025-10-05T00:02:26","guid":{"rendered":"https:\/\/www.ccm.ufpb.br\/profsaude\/?page_id=18"},"modified":"2026-02-19T11:55:45","modified_gmt":"2026-02-19T14:55:45","slug":"calendario","status":"publish","type":"page","link":"https:\/\/www.ccm.ufpb.br\/profsaude\/calendario\/","title":{"rendered":"Calend\u00e1rios"},"content":{"rendered":"\n<p><strong>Cronograma do Edital de Sele\u00e7\u00e3o P\u00fablica de Mestrado para a Turma 6 PROFSAUDE<\/strong><\/p>\n\n\n\n<div data-wp-interactive=\"core\/file\" class=\"wp-block-file\"><object data-wp-bind--hidden=\"!state.hasPdfPreview\" hidden class=\"wp-block-file__embed\" data=\"https:\/\/www.ccm.ufpb.br\/profsaude\/wp-content\/uploads\/sites\/214\/sites\/394\/2026\/02\/Cronograma-via-Edital-Turma-6.pdf\" type=\"application\/pdf\" style=\"width:100%;height:600px\" aria-label=\"Incorporado de Cronograma via Edital - Turma 6.\"><\/object><a id=\"wp-block-file--media-b0b50bdf-90aa-4ade-b55e-90f76548197f\" href=\"https:\/\/www.ccm.ufpb.br\/profsaude\/wp-content\/uploads\/sites\/214\/sites\/394\/2026\/02\/Cronograma-via-Edital-Turma-6.pdf\">Cronograma via Edital &#8211; Turma 6<\/a><a href=\"https:\/\/www.ccm.ufpb.br\/profsaude\/wp-content\/uploads\/sites\/214\/sites\/394\/2026\/02\/Cronograma-via-Edital-Turma-6.pdf\" class=\"wp-block-file__button wp-element-button\" download aria-describedby=\"wp-block-file--media-b0b50bdf-90aa-4ade-b55e-90f76548197f\">Baixar<\/a><\/div>\n","protected":false},"excerpt":{"rendered":"<p>Cronograma do Edital de Sele\u00e7\u00e3o P\u00fablica de Mestrado para a Turma 6 PROFSAUDE<\/p>\n","protected":false},"author":47,"featured_media":0,"parent":0,"menu_order":0,"comment_status":"closed","ping_status":"closed","template":"","meta":{"footnotes":""},"class_list":["post-18","page","type-page","status-publish","hentry"],"_links":{"self":[{"href":"https:\/\/www.ccm.ufpb.br\/profsaude\/wp-json\/wp\/v2\/pages\/18","targetHints":{"allow":["GET"]}}],"collection":[{"href":"https:\/\/www.ccm.ufpb.br\/profsaude\/wp-json\/wp\/v2\/pages"}],"about":[{"href":"https:\/\/www.ccm.ufpb.br\/profsaude\/wp-json\/wp\/v2\/types\/page"}],"author":[{"embeddable":true,"href":"https:\/\/www.ccm.ufpb.br\/profsaude\/wp-json\/wp\/v2\/users\/47"}],"replies":[{"embeddable":true,"href":"https:\/\/www.ccm.ufpb.br\/profsaude\/wp-json\/wp\/v2\/comments?post=18"}],"version-history":[{"count":3,"href":"https:\/\/www.ccm.ufpb.br\/profsaude\/wp-json\/wp\/v2\/pages\/18\/revisions"}],"predecessor-version":[{"id":165,"href":"https:\/\/www.ccm.ufpb.br\/profsaude\/wp-json\/wp\/v2\/pages\/18\/revisions\/165"}],"wp:attachment":[{"href":"https:\/\/www.ccm.ufpb.br\/profsaude\/wp-json\/wp\/v2\/media?parent=18"}],"curies":[{"name":"wp","href":"https:\/\/api.w.org\/{rel}","templated":true}]}}