{"id":14,"date":"2025-10-04T21:02:01","date_gmt":"2025-10-05T00:02:01","guid":{"rendered":"https:\/\/www.ccm.ufpb.br\/profsaude\/?page_id=14"},"modified":"2026-02-19T11:34:46","modified_gmt":"2026-02-19T14:34:46","slug":"legislacao","status":"publish","type":"page","link":"https:\/\/www.ccm.ufpb.br\/profsaude\/legislacao\/","title":{"rendered":"Legisla\u00e7\u00e3o"},"content":{"rendered":"\n<p><strong>REGIMENTO INTERNO<\/strong><\/p>\n\n\n\n<div data-wp-interactive=\"core\/file\" class=\"wp-block-file\"><object data-wp-bind--hidden=\"!state.hasPdfPreview\" hidden class=\"wp-block-file__embed\" data=\"https:\/\/www.ccm.ufpb.br\/profsaude\/wp-content\/uploads\/sites\/214\/sites\/394\/2026\/02\/Regimento_interno_do_profsaude_-_2024.pdf\" type=\"application\/pdf\" style=\"width:100%;height:600px\" aria-label=\"Incorporado de Regimento_interno_do_profsaude_-_2024.\"><\/object><a id=\"wp-block-file--media-dca6c9c8-13c3-4c31-80b9-bd33b6a8a88f\" href=\"https:\/\/www.ccm.ufpb.br\/profsaude\/wp-content\/uploads\/sites\/214\/sites\/394\/2026\/02\/Regimento_interno_do_profsaude_-_2024.pdf\">Regimento_interno_do_profsaude_-_2024<\/a><a href=\"https:\/\/www.ccm.ufpb.br\/profsaude\/wp-content\/uploads\/sites\/214\/sites\/394\/2026\/02\/Regimento_interno_do_profsaude_-_2024.pdf\" class=\"wp-block-file__button wp-element-button\" download aria-describedby=\"wp-block-file--media-dca6c9c8-13c3-4c31-80b9-bd33b6a8a88f\">Baixar<\/a><\/div>\n\n\n\n<p><strong>RESOLU\u00c7\u00c3O 79.2013 CONSEPE\/UFPB<\/strong><\/p>\n\n\n\n<div data-wp-interactive=\"core\/file\" class=\"wp-block-file\"><object data-wp-bind--hidden=\"!state.hasPdfPreview\" hidden class=\"wp-block-file__embed\" data=\"https:\/\/www.ccm.ufpb.br\/profsaude\/wp-content\/uploads\/sites\/214\/sites\/394\/2026\/02\/RES.-79-2013-CONSEPE.pdf\" type=\"application\/pdf\" style=\"width:100%;height:600px\" aria-label=\"Incorporado de RES. 79-2013- CONSEPE.\"><\/object><a id=\"wp-block-file--media-db93af33-4286-4c1b-a22f-656674768b51\" href=\"https:\/\/www.ccm.ufpb.br\/profsaude\/wp-content\/uploads\/sites\/214\/sites\/394\/2026\/02\/RES.-79-2013-CONSEPE.pdf\">RES. 79-2013- CONSEPE<\/a><a href=\"https:\/\/www.ccm.ufpb.br\/profsaude\/wp-content\/uploads\/sites\/214\/sites\/394\/2026\/02\/RES.-79-2013-CONSEPE.pdf\" class=\"wp-block-file__button wp-element-button\" download aria-describedby=\"wp-block-file--media-db93af33-4286-4c1b-a22f-656674768b51\">Baixar<\/a><\/div>\n\n\n\n<p><strong>PLANEJAMENTO ESTRAT\u00c9GICO PROFSAUDE 2025-2028<\/strong><\/p>\n\n\n\n<div data-wp-interactive=\"core\/file\" class=\"wp-block-file\"><object data-wp-bind--hidden=\"!state.hasPdfPreview\" hidden class=\"wp-block-file__embed\" data=\"https:\/\/www.ccm.ufpb.br\/profsaude\/wp-content\/uploads\/sites\/214\/sites\/394\/2026\/02\/Planejamento_Estrategico_Profsaude_2025-2028.pdf\" type=\"application\/pdf\" style=\"width:100%;height:600px\" aria-label=\"Incorporado de Planejamento_Estrat\u00e9gico_Profsa\u00fade_2025-2028.\"><\/object><a id=\"wp-block-file--media-969620e5-c1c9-479a-be0f-2d138d3c5869\" href=\"https:\/\/www.ccm.ufpb.br\/profsaude\/wp-content\/uploads\/sites\/214\/sites\/394\/2026\/02\/Planejamento_Estrategico_Profsaude_2025-2028.pdf\">Planejamento_Estrat\u00e9gico_Profsa\u00fade_2025-2028<\/a><a href=\"https:\/\/www.ccm.ufpb.br\/profsaude\/wp-content\/uploads\/sites\/214\/sites\/394\/2026\/02\/Planejamento_Estrategico_Profsaude_2025-2028.pdf\" class=\"wp-block-file__button wp-element-button\" download aria-describedby=\"wp-block-file--media-969620e5-c1c9-479a-be0f-2d138d3c5869\">Baixar<\/a><\/div>\n\n\n\n<p><strong>RESOLU\u00c7\u00c3O NACIONAL PARA APROVEITAMENTO DE CR\u00c9DITOS<\/strong><\/p>\n\n\n\n<div data-wp-interactive=\"core\/file\" class=\"wp-block-file\"><object data-wp-bind--hidden=\"!state.hasPdfPreview\" hidden class=\"wp-block-file__embed\" data=\"https:\/\/www.ccm.ufpb.br\/profsaude\/wp-content\/uploads\/sites\/214\/sites\/394\/2026\/02\/Resolucao-Nacional-Aproveitamento-Creditos-2022.pdf\" type=\"application\/pdf\" style=\"width:100%;height:600px\" aria-label=\"Incorporado de Resolu\u00e7\u00e3o Nacional Aproveitamento Cr\u00e9ditos 2022.\"><\/object><a id=\"wp-block-file--media-4cd6ea41-f085-40dd-bdb8-fc7cd1b8d930\" href=\"https:\/\/www.ccm.ufpb.br\/profsaude\/wp-content\/uploads\/sites\/214\/sites\/394\/2026\/02\/Resolucao-Nacional-Aproveitamento-Creditos-2022.pdf\">Resolu\u00e7\u00e3o Nacional Aproveitamento Cr\u00e9ditos 2022<\/a><a href=\"https:\/\/www.ccm.ufpb.br\/profsaude\/wp-content\/uploads\/sites\/214\/sites\/394\/2026\/02\/Resolucao-Nacional-Aproveitamento-Creditos-2022.pdf\" class=\"wp-block-file__button wp-element-button\" download aria-describedby=\"wp-block-file--media-4cd6ea41-f085-40dd-bdb8-fc7cd1b8d930\">Baixar<\/a><\/div>\n","protected":false},"excerpt":{"rendered":"<p>REGIMENTO INTERNO RESOLU\u00c7\u00c3O 79.2013 CONSEPE\/UFPB PLANEJAMENTO ESTRAT\u00c9GICO PROFSAUDE 2025-2028 RESOLU\u00c7\u00c3O NACIONAL PARA APROVEITAMENTO DE CR\u00c9DITOS<\/p>\n","protected":false},"author":47,"featured_media":0,"parent":0,"menu_order":0,"comment_status":"closed","ping_status":"closed","template":"","meta":{"footnotes":""},"class_list":["post-14","page","type-page","status-publish","hentry"],"_links":{"self":[{"href":"https:\/\/www.ccm.ufpb.br\/profsaude\/wp-json\/wp\/v2\/pages\/14","targetHints":{"allow":["GET"]}}],"collection":[{"href":"https:\/\/www.ccm.ufpb.br\/profsaude\/wp-json\/wp\/v2\/pages"}],"about":[{"href":"https:\/\/www.ccm.ufpb.br\/profsaude\/wp-json\/wp\/v2\/types\/page"}],"author":[{"embeddable":true,"href":"https:\/\/www.ccm.ufpb.br\/profsaude\/wp-json\/wp\/v2\/users\/47"}],"replies":[{"embeddable":true,"href":"https:\/\/www.ccm.ufpb.br\/profsaude\/wp-json\/wp\/v2\/comments?post=14"}],"version-history":[{"count":5,"href":"https:\/\/www.ccm.ufpb.br\/profsaude\/wp-json\/wp\/v2\/pages\/14\/revisions"}],"predecessor-version":[{"id":152,"href":"https:\/\/www.ccm.ufpb.br\/profsaude\/wp-json\/wp\/v2\/pages\/14\/revisions\/152"}],"wp:attachment":[{"href":"https:\/\/www.ccm.ufpb.br\/profsaude\/wp-json\/wp\/v2\/media?parent=14"}],"curies":[{"name":"wp","href":"https:\/\/api.w.org\/{rel}","templated":true}]}}