{"id":141,"date":"2025-01-08T19:07:15","date_gmt":"2025-01-08T22:07:15","guid":{"rendered":"https:\/\/www.ccm.ufpb.br\/bsccm\/?page_id=141"},"modified":"2025-05-22T13:49:07","modified_gmt":"2025-05-22T16:49:07","slug":"tccs","status":"publish","type":"page","link":"https:\/\/www.ccm.ufpb.br\/bsccm\/tccs\/","title":{"rendered":"TCCs"},"content":{"rendered":"\n<p>Medicina<\/p>\n\n\n\n<p><a href=\"https:\/\/repositorio.ufpb.br\/jspui\/handle\/123456789\/2333\">Acesse os trabalhos acad\u00eamicos de conclus\u00e3o de curso no reposit\u00f3rio institucional da UFPB <\/a><\/p>\n\n\n\n<p><\/p>\n","protected":false},"excerpt":{"rendered":"<p>Medicina Acesse os trabalhos acad\u00eamicos de conclus\u00e3o de curso no reposit\u00f3rio institucional da UFPB<\/p>\n","protected":false},"author":47,"featured_media":0,"parent":0,"menu_order":0,"comment_status":"closed","ping_status":"closed","template":"","meta":{"footnotes":""},"class_list":["post-141","page","type-page","status-publish","hentry"],"_links":{"self":[{"href":"https:\/\/www.ccm.ufpb.br\/bsccm\/wp-json\/wp\/v2\/pages\/141","targetHints":{"allow":["GET"]}}],"collection":[{"href":"https:\/\/www.ccm.ufpb.br\/bsccm\/wp-json\/wp\/v2\/pages"}],"about":[{"href":"https:\/\/www.ccm.ufpb.br\/bsccm\/wp-json\/wp\/v2\/types\/page"}],"author":[{"embeddable":true,"href":"https:\/\/www.ccm.ufpb.br\/bsccm\/wp-json\/wp\/v2\/users\/47"}],"replies":[{"embeddable":true,"href":"https:\/\/www.ccm.ufpb.br\/bsccm\/wp-json\/wp\/v2\/comments?post=141"}],"version-history":[{"count":7,"href":"https:\/\/www.ccm.ufpb.br\/bsccm\/wp-json\/wp\/v2\/pages\/141\/revisions"}],"predecessor-version":[{"id":227,"href":"https:\/\/www.ccm.ufpb.br\/bsccm\/wp-json\/wp\/v2\/pages\/141\/revisions\/227"}],"wp:attachment":[{"href":"https:\/\/www.ccm.ufpb.br\/bsccm\/wp-json\/wp\/v2\/media?parent=141"}],"curies":[{"name":"wp","href":"https:\/\/api.w.org\/{rel}","templated":true}]}}