{"id":12,"date":"2024-10-16T19:26:16","date_gmt":"2024-10-16T19:26:16","guid":{"rendered":"https:\/\/www.ccm.ufpb.br\/bsccm2\/?page_id=12"},"modified":"2025-01-10T07:47:32","modified_gmt":"2025-01-10T10:47:32","slug":"a-biblioteca","status":"publish","type":"page","link":"https:\/\/www.ccm.ufpb.br\/bsccm\/a-biblioteca\/","title":{"rendered":"A Biblioteca"},"content":{"rendered":"\n<p class=\"has-text-align-left\">A Biblioteca Setorial do Centro de Ci\u00eancias M\u00e9dicas (BS\/CCM), foi criada em\u00a029 de mar\u00e7o de 2009, de acordo com o capitulo II, art. 5\u00ba, inciso IV, al\u00ednea \u201cb\u201d do\u00a0Regimento interno do Centro de Ci\u00eancias M\u00e9dicas, aprovada pelo Conselho Universit\u00e1rio da Universidade Federal da Para\u00edba (Resolu\u00e7\u00e3o n\u00ba 11\/2009), e est\u00e1 subordinada tecnicamente ao Sistema de Bibliotecas da Universidade Federal da Para\u00edba, conforme o art. 32 do Regimento Interno do Sistemoteca.<\/p>\n\n\n\n<p>Disponibiliza acervo bibliogr\u00e1fico da \u00e1rea de sa\u00fade , com objetivo de atender \u00e0s ementas das disciplinas ministradas no Curso de Gradua\u00e7\u00e3o em Medicina, buscando facilitar o acesso \u00e0 informa\u00e7\u00e3o atualizada no suporte \u00e0s atividades de ensino, pesquisa e extens\u00e3o acad\u00eamicas.&nbsp;<\/p>\n\n\n\n<p class=\"has-text-align-left\"><\/p>\n\n\n\n<div class=\"wp-block-file\"><a id=\"wp-block-file--media-824d3bec-b333-431c-b8d9-528f59a897b6\" href=\"https:\/\/www.ccm.ufpb.br\/bsccm2\/wp-content\/uploads\/sites\/214\/sites\/217\/2024\/10\/regimento-interno-biblioteca-setorial-ccm.pdf\">Regimento interno da Biblioteca Setorial &#8211; CCM<\/a><a href=\"https:\/\/www.ccm.ufpb.br\/bsccm2\/wp-content\/uploads\/sites\/214\/sites\/217\/2024\/10\/regimento-interno-biblioteca-setorial-ccm.pdf\" class=\"wp-block-file__button wp-element-button\" download aria-describedby=\"wp-block-file--media-824d3bec-b333-431c-b8d9-528f59a897b6\">Baixar<\/a><\/div>\n\n\n\n<div class=\"wp-block-file\"><a id=\"wp-block-file--media-b093f076-a313-4cf1-90bc-4142b6564caf\" href=\"https:\/\/www.ccm.ufpb.br\/bsccm2\/wp-content\/uploads\/sites\/214\/sites\/217\/2024\/10\/regimento-sistemoteca-ufpb.pdf\">Regimento &#8211; SISTEMOTECA UFPB<\/a><a href=\"https:\/\/www.ccm.ufpb.br\/bsccm2\/wp-content\/uploads\/sites\/214\/sites\/217\/2024\/10\/regimento-sistemoteca-ufpb.pdf\" class=\"wp-block-file__button wp-element-button\" download aria-describedby=\"wp-block-file--media-b093f076-a313-4cf1-90bc-4142b6564caf\">Baixar<\/a><\/div>\n\n\n\n<p><\/p>\n","protected":false},"excerpt":{"rendered":"<p>A Biblioteca Setorial do Centro de Ci\u00eancias M\u00e9dicas (BS\/CCM), foi criada em 29 de mar\u00e7o de<br \/>\n2009 e disponibiliza acervo bibliogr\u00e1fico da \u00e1rea de sa\u00fade, com objetivo de atender \u00e0s<br \/>\nementas das disciplinas ministradas no Curso de Gradua\u00e7\u00e3o em Medicina, buscando facilitar<br \/>\no acesso \u00e0 informa\u00e7\u00e3o atualizada no suporte \u00e0s atividades de ensino, pesquisa e extens\u00e3o<br \/>\nacad\u00eamicas<\/p>\n","protected":false},"author":47,"featured_media":13,"parent":0,"menu_order":0,"comment_status":"closed","ping_status":"closed","template":"","meta":{"footnotes":""},"class_list":["post-12","page","type-page","status-publish","has-post-thumbnail","hentry"],"_links":{"self":[{"href":"https:\/\/www.ccm.ufpb.br\/bsccm\/wp-json\/wp\/v2\/pages\/12","targetHints":{"allow":["GET"]}}],"collection":[{"href":"https:\/\/www.ccm.ufpb.br\/bsccm\/wp-json\/wp\/v2\/pages"}],"about":[{"href":"https:\/\/www.ccm.ufpb.br\/bsccm\/wp-json\/wp\/v2\/types\/page"}],"author":[{"embeddable":true,"href":"https:\/\/www.ccm.ufpb.br\/bsccm\/wp-json\/wp\/v2\/users\/47"}],"replies":[{"embeddable":true,"href":"https:\/\/www.ccm.ufpb.br\/bsccm\/wp-json\/wp\/v2\/comments?post=12"}],"version-history":[{"count":14,"href":"https:\/\/www.ccm.ufpb.br\/bsccm\/wp-json\/wp\/v2\/pages\/12\/revisions"}],"predecessor-version":[{"id":150,"href":"https:\/\/www.ccm.ufpb.br\/bsccm\/wp-json\/wp\/v2\/pages\/12\/revisions\/150"}],"wp:featuredmedia":[{"embeddable":true,"href":"https:\/\/www.ccm.ufpb.br\/bsccm\/wp-json\/wp\/v2\/media\/13"}],"wp:attachment":[{"href":"https:\/\/www.ccm.ufpb.br\/bsccm\/wp-json\/wp\/v2\/media?parent=12"}],"curies":[{"name":"wp","href":"https:\/\/api.w.org\/{rel}","templated":true}]}}